{"id":11,"date":"2021-07-13T11:21:17","date_gmt":"2021-07-13T11:21:17","guid":{"rendered":"http:\/\/192.168.0.108\/bizup\/?page_id=11"},"modified":"2024-12-03T08:14:44","modified_gmt":"2024-12-03T08:14:44","slug":"hakkimizda","status":"publish","type":"page","link":"https:\/\/216palace.com\/index.php\/hakkimizda\/","title":{"rendered":"Hakk\u0131m\u0131zda"},"content":{"rendered":"\t\t<div data-elementor-type=\"wp-page\" data-elementor-id=\"11\" class=\"elementor elementor-11\">\n\t\t\t\t\t\t<section class=\"elementor-section elementor-top-section elementor-element elementor-element-eccc73a elementor-section-stretched elementor-section-boxed elementor-section-height-default elementor-section-height-default\" data-id=\"eccc73a\" data-element_type=\"section\" data-settings=\"{&quot;stretch_section&quot;:&quot;section-stretched&quot;,&quot;background_background&quot;:&quot;classic&quot;}\">\n\t\t\t\t\t\t\t<div class=\"elementor-background-overlay\"><\/div>\n\t\t\t\t\t\t\t<div class=\"elementor-container elementor-column-gap-default\">\n\t\t\t\t\t<div class=\"elementor-column elementor-col-100 elementor-top-column elementor-element elementor-element-43cd372\" data-id=\"43cd372\" data-element_type=\"column\">\n\t\t\t<div class=\"elementor-widget-wrap elementor-element-populated\">\n\t\t\t\t\t\t<div class=\"elementor-element elementor-element-44ad4ef elementor-widget elementor-widget-heading\" data-id=\"44ad4ef\" data-element_type=\"widget\" data-widget_type=\"heading.default\">\n\t\t\t\t<div class=\"elementor-widget-container\">\n\t\t\t<h2 class=\"elementor-heading-title elementor-size-default\">Hakk\u0131m\u0131zda<\/h2>\t\t<\/div>\n\t\t\t\t<\/div>\n\t\t\t\t\t<\/div>\n\t\t<\/div>\n\t\t\t\t\t<\/div>\n\t\t<\/section>\n\t\t\t\t<section class=\"elementor-section elementor-top-section elementor-element elementor-element-947ae97 elementor-section-content-middle elementor-section-stretched elementor-section-boxed elementor-section-height-default elementor-section-height-default\" data-id=\"947ae97\" data-element_type=\"section\" data-settings=\"{&quot;stretch_section&quot;:&quot;section-stretched&quot;}\">\n\t\t\t\t\t\t<div class=\"elementor-container elementor-column-gap-wide\">\n\t\t\t\t\t<div class=\"elementor-column elementor-col-50 elementor-top-column elementor-element elementor-element-7093d1e animated-slow\" data-id=\"7093d1e\" data-element_type=\"column\" data-settings=\"{&quot;animation&quot;:&quot;none&quot;,&quot;animation_delay&quot;:500}\">\n\t\t\t<div class=\"elementor-widget-wrap elementor-element-populated\">\n\t\t\t\t\t\t<div class=\"elementor-element elementor-element-0104d5e animated-slow elementor-widget elementor-widget-image\" data-id=\"0104d5e\" data-element_type=\"widget\" data-settings=\"{&quot;_animation&quot;:&quot;none&quot;}\" data-widget_type=\"image.default\">\n\t\t\t\t<div class=\"elementor-widget-container\">\n\t\t\t\t\t\t\t\t\t\t\t\t\t<img fetchpriority=\"high\" decoding=\"async\" width=\"687\" height=\"687\" src=\"https:\/\/216palace.com\/wp-content\/uploads\/2024\/01\/DSC04747-1.png\" class=\"attachment-large size-large wp-image-27624\" alt=\"\" srcset=\"https:\/\/216palace.com\/wp-content\/uploads\/2024\/01\/DSC04747-1.png 687w, https:\/\/216palace.com\/wp-content\/uploads\/2024\/01\/DSC04747-1-300x300.png 300w, https:\/\/216palace.com\/wp-content\/uploads\/2024\/01\/DSC04747-1-150x150.png 150w, https:\/\/216palace.com\/wp-content\/uploads\/2024\/01\/DSC04747-1-500x500.png 500w, https:\/\/216palace.com\/wp-content\/uploads\/2024\/01\/DSC04747-1-100x100.png 100w\" sizes=\"(max-width: 687px) 100vw, 687px\" \/>\t\t\t\t\t\t\t\t\t\t\t\t\t<\/div>\n\t\t\t\t<\/div>\n\t\t\t\t\t<\/div>\n\t\t<\/div>\n\t\t\t\t<div class=\"elementor-column elementor-col-50 elementor-top-column elementor-element elementor-element-9f61663\" data-id=\"9f61663\" data-element_type=\"column\">\n\t\t\t<div class=\"elementor-widget-wrap elementor-element-populated\">\n\t\t\t\t\t\t<div class=\"elementor-element elementor-element-1a8ad4f elementor-widget elementor-widget-text-editor\" data-id=\"1a8ad4f\" data-element_type=\"widget\" data-widget_type=\"text-editor.default\">\n\t\t\t\t<div class=\"elementor-widget-container\">\n\t\t\t\t\t\t\t<p>Maltepe&#8217;nin g\u00f6zde semtlerinden birinde, Z\u00fcmr\u00fctevler&#8217;de konumlanan otelimiz, nefes kesici Maltepe K\u00f6pr\u00fcs\u00fc&#8217;ne sadece birka\u00e7 ad\u0131m uzakl\u0131ktad\u0131r. Modern tasar\u0131m\u0131, konforlu ya\u015fam alanlar\u0131 ve benzersiz hizmet anlay\u0131\u015f\u0131yla 216 Palace Suite, \u0130stanbul&#8217;un b\u00fcy\u00fcleyici atmosferini hissetmek isteyen misafirler i\u00e7in ideal bir tercihtir.<\/p><p>Her biri \u00f6zenle d\u00fczenlenmi\u015f geni\u015f s\u00fcitleri ile 216 Palace Suite, konuklar\u0131na evlerini aratmayan bir konfor sunar. Modern mobilyalar, zarif dekorasyon ve en son teknoloji \u00fcr\u00fcnleriyle donat\u0131lm\u0131\u015f odalar\u0131m\u0131z, konaklaman\u0131z\u0131 unutulmaz k\u0131lmak i\u00e7in \u00f6zel olarak tasarlanm\u0131\u015ft\u0131r. Ayr\u0131ca, Maltepe K\u00f6pr\u00fcs\u00fc&#8217;n\u00fcn b\u00fcy\u00fcleyici manzaras\u0131na sahip odalar\u0131m\u0131z\u0131n balkonlar\u0131 ve teraslar\u0131, \u0130stanbul&#8217;un panoramik g\u00fczelliklerini ke\u015ffetme f\u0131rsat\u0131 sunar.<\/p>\t\t\t\t\t\t<\/div>\n\t\t\t\t<\/div>\n\t\t\t\t\t<\/div>\n\t\t<\/div>\n\t\t\t\t\t<\/div>\n\t\t<\/section>\n\t\t\t\t<section class=\"elementor-section elementor-top-section elementor-element elementor-element-84fd195 elementor-section-stretched elementor-section-content-middle elementor-section-boxed elementor-section-height-default elementor-section-height-default\" data-id=\"84fd195\" data-element_type=\"section\" data-settings=\"{&quot;stretch_section&quot;:&quot;section-stretched&quot;,&quot;background_background&quot;:&quot;classic&quot;}\">\n\t\t\t\t\t\t<div class=\"elementor-container elementor-column-gap-default\">\n\t\t\t\t\t<div class=\"elementor-column elementor-col-100 elementor-top-column elementor-element elementor-element-15d6140\" data-id=\"15d6140\" data-element_type=\"column\" data-settings=\"{&quot;background_background&quot;:&quot;classic&quot;}\">\n\t\t\t<div class=\"elementor-widget-wrap elementor-element-populated\">\n\t\t\t\t\t\t<section class=\"elementor-section elementor-inner-section elementor-element elementor-element-103a950 elementor-section-content-middle elementor-section-boxed elementor-section-height-default elementor-section-height-default\" data-id=\"103a950\" data-element_type=\"section\">\n\t\t\t\t\t\t<div class=\"elementor-container elementor-column-gap-default\">\n\t\t\t\t\t<div class=\"elementor-column elementor-col-50 elementor-inner-column elementor-element elementor-element-7349b8e\" data-id=\"7349b8e\" data-element_type=\"column\">\n\t\t\t<div class=\"elementor-widget-wrap elementor-element-populated\">\n\t\t\t\t\t\t<div class=\"elementor-element elementor-element-d32f94c elementor-widget elementor-widget-text-editor\" data-id=\"d32f94c\" data-element_type=\"widget\" data-widget_type=\"text-editor.default\">\n\t\t\t\t<div class=\"elementor-widget-container\">\n\t\t\t\t\t\t\t<p>216 Palace Suite, konuklar\u0131n\u0131 \u0130stanbul&#8217;un g\u00fczelliklerini ke\u015ffetmeye davet ederken, ayn\u0131 zamanda rahat ve l\u00fcks bir ortamda konaklama f\u0131rsat\u0131 sunarak unutulmaz an\u0131lar biriktirmelerine olanak tan\u0131r. \u0130stanbul&#8217;un kalbinde konuklar\u0131n\u0131 a\u011f\u0131rlayan 216 Palace Suite, sizleri s\u0131cak bir kar\u015f\u0131lama ve e\u015fsiz bir deneyimle bulu\u015fturmay\u0131 bekliyor.<\/p><p>S\u00fcitlerimiz, geni\u015f ve ferah ya\u015fam alanlar\u0131yla ev konforunu aratmayacak \u015fekilde d\u00fczenlenmi\u015ftir. Modern mobilyalar ve \u015f\u0131k dekorasyon \u00f6\u011feleri, misafirlerimize s\u0131cak bir atmosfer sunarak unutulmaz bir konaklama deneyimi vadediyor. Odalar\u0131m\u0131z\u0131n her biri, ki\u015fisel zevklere hitap eden \u00f6zel dokunu\u015flarla tasarlanm\u0131\u015ft\u0131r.<\/p><p>Her bir detayda \u00f6zenle d\u00fc\u015f\u00fcn\u00fclm\u00fc\u015f olan odalar\u0131m\u0131z, \u0130stanbul&#8217;u ke\u015ffetmek ve rahatlamak isteyen misafirlerimiz i\u00e7in ideal bir konaklama se\u00e7ene\u011fi sunar.<\/p>\t\t\t\t\t\t<\/div>\n\t\t\t\t<\/div>\n\t\t\t\t\t<\/div>\n\t\t<\/div>\n\t\t\t\t<div class=\"elementor-column elementor-col-50 elementor-inner-column elementor-element elementor-element-f019248\" data-id=\"f019248\" data-element_type=\"column\">\n\t\t\t<div class=\"elementor-widget-wrap elementor-element-populated\">\n\t\t\t\t\t\t<div class=\"elementor-element elementor-element-c653f82 animated-slow elementor-widget elementor-widget-image\" data-id=\"c653f82\" data-element_type=\"widget\" data-settings=\"{&quot;_animation&quot;:&quot;none&quot;}\" data-widget_type=\"image.default\">\n\t\t\t\t<div class=\"elementor-widget-container\">\n\t\t\t\t\t\t\t\t\t\t\t\t\t<img decoding=\"async\" width=\"680\" height=\"680\" src=\"https:\/\/216palace.com\/wp-content\/uploads\/2024\/01\/DSC04836-1.jpg\" class=\"attachment-large size-large wp-image-27625\" alt=\"\" srcset=\"https:\/\/216palace.com\/wp-content\/uploads\/2024\/01\/DSC04836-1.jpg 680w, https:\/\/216palace.com\/wp-content\/uploads\/2024\/01\/DSC04836-1-300x300.jpg 300w, https:\/\/216palace.com\/wp-content\/uploads\/2024\/01\/DSC04836-1-150x150.jpg 150w, https:\/\/216palace.com\/wp-content\/uploads\/2024\/01\/DSC04836-1-500x500.jpg 500w, https:\/\/216palace.com\/wp-content\/uploads\/2024\/01\/DSC04836-1-100x100.jpg 100w\" sizes=\"(max-width: 680px) 100vw, 680px\" \/>\t\t\t\t\t\t\t\t\t\t\t\t\t<\/div>\n\t\t\t\t<\/div>\n\t\t\t\t\t<\/div>\n\t\t<\/div>\n\t\t\t\t\t<\/div>\n\t\t<\/section>\n\t\t\t\t\t<\/div>\n\t\t<\/div>\n\t\t\t\t\t<\/div>\n\t\t<\/section>\n\t\t\t\t<\/div>\n\t\t","protected":false},"excerpt":{"rendered":"<p>Hakk\u0131m\u0131zda Maltepe&#8217;nin g\u00f6zde semtlerinden birinde, Z\u00fcmr\u00fctevler&#8217;de konumlanan otelimiz, nefes kesici Maltepe K\u00f6pr\u00fcs\u00fc&#8217;ne sadece birka\u00e7 ad\u0131m uzakl\u0131ktad\u0131r. Modern tasar\u0131m\u0131, konforlu ya\u015fam alanlar\u0131 ve benzersiz hizmet anlay\u0131\u015f\u0131yla 216 Palace Suite, \u0130stanbul&#8217;un b\u00fcy\u00fcleyici atmosferini hissetmek isteyen misafirler i\u00e7in ideal bir tercihtir. Her biri \u00f6zenle d\u00fczenlenmi\u015f geni\u015f s\u00fcitleri ile 216 Palace Suite, konuklar\u0131na evlerini aratmayan bir konfor sunar. Modern [&hellip;]<\/p>\n","protected":false},"author":1,"featured_media":0,"parent":0,"menu_order":0,"comment_status":"closed","ping_status":"closed","template":"","meta":{"_monsterinsights_skip_tracking":false,"_monsterinsights_sitenote_active":false,"_monsterinsights_sitenote_note":"","_monsterinsights_sitenote_category":0,"footnotes":""},"class_list":["post-11","page","type-page","status-publish","hentry"],"aioseo_notices":[],"_links":{"self":[{"href":"https:\/\/216palace.com\/index.php\/wp-json\/wp\/v2\/pages\/11","targetHints":{"allow":["GET"]}}],"collection":[{"href":"https:\/\/216palace.com\/index.php\/wp-json\/wp\/v2\/pages"}],"about":[{"href":"https:\/\/216palace.com\/index.php\/wp-json\/wp\/v2\/types\/page"}],"author":[{"embeddable":true,"href":"https:\/\/216palace.com\/index.php\/wp-json\/wp\/v2\/users\/1"}],"replies":[{"embeddable":true,"href":"https:\/\/216palace.com\/index.php\/wp-json\/wp\/v2\/comments?post=11"}],"version-history":[{"count":29,"href":"https:\/\/216palace.com\/index.php\/wp-json\/wp\/v2\/pages\/11\/revisions"}],"predecessor-version":[{"id":27758,"href":"https:\/\/216palace.com\/index.php\/wp-json\/wp\/v2\/pages\/11\/revisions\/27758"}],"wp:attachment":[{"href":"https:\/\/216palace.com\/index.php\/wp-json\/wp\/v2\/media?parent=11"}],"curies":[{"name":"wp","href":"https:\/\/api.w.org\/{rel}","templated":true}]}}